{"id":5426,"date":"2023-07-20T17:30:57","date_gmt":"2023-07-20T14:30:57","guid":{"rendered":"https:\/\/newlistingmiami.com\/sss\/"},"modified":"2023-11-17T16:53:49","modified_gmt":"2023-11-17T13:53:49","slug":"sss","status":"publish","type":"page","link":"https:\/\/newlistingmiami.com\/tr\/sss\/","title":{"rendered":"SSS"},"content":{"rendered":"\t\t<div data-elementor-type=\"wp-page\" data-elementor-id=\"5426\" class=\"elementor elementor-5426 elementor-3334\" data-elementor-post-type=\"page\">\n\t\t\t\t\t\t<section class=\"elementor-section elementor-top-section elementor-element elementor-element-19e7e833 elementor-section-height-min-height elementor-section-boxed elementor-section-height-default elementor-section-items-middle\" data-id=\"19e7e833\" data-element_type=\"section\" data-e-type=\"section\" data-settings=\"{&quot;background_background&quot;:&quot;classic&quot;,&quot;ekit_has_onepagescroll_dot&quot;:&quot;yes&quot;}\">\n\t\t\t\t\t\t<div class=\"elementor-container elementor-column-gap-default\">\n\t\t\t\t\t<div class=\"elementor-column elementor-col-100 elementor-top-column elementor-element elementor-element-7ee7473b\" data-id=\"7ee7473b\" data-element_type=\"column\" data-e-type=\"column\">\n\t\t\t<div class=\"elementor-widget-wrap elementor-element-populated\">\n\t\t\t\t\t\t<div class=\"elementor-element elementor-element-51ffd190 elementor-widget elementor-widget-heading\" data-id=\"51ffd190\" data-element_type=\"widget\" data-e-type=\"widget\" data-settings=\"{&quot;ekit_we_effect_on&quot;:&quot;none&quot;}\" data-widget_type=\"heading.default\">\n\t\t\t\t<div class=\"elementor-widget-container\">\n\t\t\t\t\t<h2 class=\"elementor-heading-title elementor-size-default\">S\u0131k\u00e7a Sorulan Sorular<\/h2>\t\t\t\t<\/div>\n\t\t\t\t<\/div>\n\t\t\t\t<div class=\"elementor-element elementor-element-4b9f97c elementor-view-default elementor-widget elementor-widget-icon\" data-id=\"4b9f97c\" data-element_type=\"widget\" data-e-type=\"widget\" data-settings=\"{&quot;ekit_we_effect_on&quot;:&quot;none&quot;}\" data-widget_type=\"icon.default\">\n\t\t\t\t<div class=\"elementor-widget-container\">\n\t\t\t\t\t\t\t<div class=\"elementor-icon-wrapper\">\n\t\t\t<div class=\"elementor-icon\">\n\t\t\t<i aria-hidden=\"true\" class=\"icon icon-chevron-down\"><\/i>\t\t\t<\/div>\n\t\t<\/div>\n\t\t\t\t\t\t<\/div>\n\t\t\t\t<\/div>\n\t\t\t\t<div class=\"elementor-element elementor-element-2e76be67 elementor-widget elementor-widget-elementskit-breadcrumb\" data-id=\"2e76be67\" data-element_type=\"widget\" data-e-type=\"widget\" data-settings=\"{&quot;ekit_we_effect_on&quot;:&quot;none&quot;}\" data-widget_type=\"elementskit-breadcrumb.default\">\n\t\t\t\t<div class=\"elementor-widget-container\">\n\t\t\t\t\t<div class=\"ekit-wid-con\" ><ol class=\"ekit-breadcrumb\"><li class=\"ekit_breadcrumbs_start\"><a href=\"https:\/\/newlistingmiami.com\/tr\/\">Home<\/a><\/li> <li class=\"brd_sep\"> &raquo; <\/li>  <li>SSS<\/li><\/ol><\/div>\t\t\t\t<\/div>\n\t\t\t\t<\/div>\n\t\t\t\t\t<\/div>\n\t\t<\/div>\n\t\t\t\t\t<\/div>\n\t\t<\/section>\n\t\t\t\t<section class=\"elementor-section elementor-top-section elementor-element elementor-element-cd313a6 elementor-section-boxed elementor-section-height-default elementor-section-height-default\" data-id=\"cd313a6\" data-element_type=\"section\" data-e-type=\"section\" data-settings=\"{&quot;background_background&quot;:&quot;classic&quot;,&quot;ekit_has_onepagescroll_dot&quot;:&quot;yes&quot;}\">\n\t\t\t\t\t\t\t<div class=\"elementor-background-overlay\"><\/div>\n\t\t\t\t\t\t\t<div class=\"elementor-container elementor-column-gap-no\">\n\t\t\t\t\t<div class=\"elementor-column elementor-col-100 elementor-top-column elementor-element elementor-element-52879555\" data-id=\"52879555\" data-element_type=\"column\" data-e-type=\"column\">\n\t\t\t<div class=\"elementor-widget-wrap elementor-element-populated\">\n\t\t\t\t\t\t<div class=\"elementor-element elementor-element-6364964f elementor-widget elementor-widget-elementskit-accordion\" data-id=\"6364964f\" data-element_type=\"widget\" data-e-type=\"widget\" data-settings=\"{&quot;ekit_we_effect_on&quot;:&quot;none&quot;}\" data-widget_type=\"elementskit-accordion.default\">\n\t\t\t\t<div class=\"elementor-widget-container\">\n\t\t\t\t\t<div class=\"ekit-wid-con\" >\n        <div class=\"elementskit-accordion accoedion-primary\" id=\"accordion-69f49f6de3a04\">\n\n            \n                <div class=\"elementskit-card \">\n                    <div class=\"elementskit-card-header\" id=\"primaryHeading-0-6364964f\">\n                        <a href=\"#collapse-bc2283069f49f6de3a04\" class=\"ekit-accordion--toggler elementskit-btn-link collapsed\" data-ekit-toggle=\"collapse\" data-target=\"#Collapse-bc2283069f49f6de3a04\" aria-expanded=\"false\" aria-controls=\"Collapse-bc2283069f49f6de3a04\">\n                            \n                            <span class=\"ekit-accordion-title\">Miami&#039;nin iklimi neden \u00e7ekici?<\/span>\n\n                            \n                                <div class=\"ekit_accordion_icon_group\">\n                                    <div class=\"ekit_accordion_normal_icon\">\n                                        <!-- Normal Icon -->\n\t\t\t\t\t\t\t\t\t\t<i class=\"icon icon-down-arrow1\"><\/i>                                    <\/div>\n\n                                    <div class=\"ekit_accordion_active_icon\">\n                                        <!-- Active Icon -->\n\t\t\t\t\t\t\t\t\t\t<i class=\"icon icon-up-arrow\"><\/i>                                    <\/div>\n                                <\/div>\n\n                            \n                                                    <\/a>\n                    <\/div>\n\n                    <div id=\"Collapse-bc2283069f49f6de3a04\" class=\" collapse\" aria-labelledby=\"primaryHeading-0-6364964f\" data-parent=\"#accordion-69f49f6de3a04\">\n\n                        <div class=\"elementskit-card-body ekit-accordion--content\">\n                            <p>Miami \u0131l\u0131man iklimiyle \u00fcnl\u00fcd\u00fcr. Y\u0131l boyunca s\u0131cak ve g\u00fcne\u015fli g\u00fcnlerin \u00e7o\u011funlukta olmas\u0131 insanlar\u0131 \u00e7ekici k\u0131lmaktad\u0131r. K\u0131\u015f\u0131n bile \u0131l\u0131man s\u0131cakl\u0131klar so\u011fuk kuzeyden ka\u00e7anlar i\u00e7in idealdir.<\/p>\n                        <\/div>\n\n                    <\/div>\n\n                <\/div><!-- .elementskit-card END -->\n\n                \n                <div class=\"elementskit-card \">\n                    <div class=\"elementskit-card-header\" id=\"primaryHeading-1-6364964f\">\n                        <a href=\"#collapse-8417e7169f49f6de3a04\" class=\"ekit-accordion--toggler elementskit-btn-link collapsed\" data-ekit-toggle=\"collapse\" data-target=\"#Collapse-8417e7169f49f6de3a04\" aria-expanded=\"false\" aria-controls=\"Collapse-8417e7169f49f6de3a04\">\n                            \n                            <span class=\"ekit-accordion-title\">Bize Miami&#039;deki k\u00fclt\u00fcrel \u00e7e\u015fitlilikten bahsedebilir misiniz?<\/span>\n\n                            \n                                <div class=\"ekit_accordion_icon_group\">\n                                    <div class=\"ekit_accordion_normal_icon\">\n                                        <!-- Normal Icon -->\n\t\t\t\t\t\t\t\t\t\t<i class=\"icon icon-down-arrow1\"><\/i>                                    <\/div>\n\n                                    <div class=\"ekit_accordion_active_icon\">\n                                        <!-- Active Icon -->\n\t\t\t\t\t\t\t\t\t\t<i class=\"icon icon-up-arrow\"><\/i>                                    <\/div>\n                                <\/div>\n\n                            \n                                                    <\/a>\n                    <\/div>\n\n                    <div id=\"Collapse-8417e7169f49f6de3a04\" class=\" collapse\" aria-labelledby=\"primaryHeading-1-6364964f\" data-parent=\"#accordion-69f49f6de3a04\">\n\n                        <div class=\"elementskit-card-body ekit-accordion--content\">\n                            <p>Miami, farkl\u0131 k\u00fclt\u00fcrlerin bir araya geldi\u011fi bir erkek bulu\u015fmas\u0131d\u0131r. Latin Amerika, Karayipler ve di\u011fer b\u00f6lgelerden gelen insanlar burada bulu\u015fuyor. Bu \u00e7e\u015fitlilik, benzersiz bir ya\u015fam tarz\u0131 ve harika yemek se\u00e7enekleri sunmaktad\u0131r.<\/p>\n                        <\/div>\n\n                    <\/div>\n\n                <\/div><!-- .elementskit-card END -->\n\n                \n                <div class=\"elementskit-card \">\n                    <div class=\"elementskit-card-header\" id=\"primaryHeading-2-6364964f\">\n                        <a href=\"#collapse-3dad4e069f49f6de3a04\" class=\"ekit-accordion--toggler elementskit-btn-link collapsed\" data-ekit-toggle=\"collapse\" data-target=\"#Collapse-3dad4e069f49f6de3a04\" aria-expanded=\"false\" aria-controls=\"Collapse-3dad4e069f49f6de3a04\">\n                            \n                            <span class=\"ekit-accordion-title\">Miami e\u011flence ve gece hayat\u0131 a\u00e7\u0131s\u0131ndan neden benzersiz?<\/span>\n\n                            \n                                <div class=\"ekit_accordion_icon_group\">\n                                    <div class=\"ekit_accordion_normal_icon\">\n                                        <!-- Normal Icon -->\n\t\t\t\t\t\t\t\t\t\t<i class=\"icon icon-down-arrow1\"><\/i>                                    <\/div>\n\n                                    <div class=\"ekit_accordion_active_icon\">\n                                        <!-- Active Icon -->\n\t\t\t\t\t\t\t\t\t\t<i class=\"icon icon-up-arrow\"><\/i>                                    <\/div>\n                                <\/div>\n\n                            \n                                                    <\/a>\n                    <\/div>\n\n                    <div id=\"Collapse-3dad4e069f49f6de3a04\" class=\" collapse\" aria-labelledby=\"primaryHeading-2-6364964f\" data-parent=\"#accordion-69f49f6de3a04\">\n\n                        <div class=\"elementskit-card-body ekit-accordion--content\">\n                            <p>Miami d\u00fcnyaca \u00fcnl\u00fc gece hayat\u0131 ve e\u011flence mek\u00e2nlar\u0131yla doludur. \u00c7ok say\u0131da bar, gece kul\u00fcb\u00fc, canl\u0131 m\u00fczik mek\u00e2n\u0131 ve etkinlik, buray\u0131 e\u011flenmek isteyenler i\u00e7in ideal bir \u015fehir haline getirmektedir.<\/p>\n                        <\/div>\n\n                    <\/div>\n\n                <\/div><!-- .elementskit-card END -->\n\n                \n                <div class=\"elementskit-card \">\n                    <div class=\"elementskit-card-header\" id=\"primaryHeading-3-6364964f\">\n                        <a href=\"#collapse-63b485069f49f6de3a04\" class=\"ekit-accordion--toggler elementskit-btn-link collapsed\" data-ekit-toggle=\"collapse\" data-target=\"#Collapse-63b485069f49f6de3a04\" aria-expanded=\"false\" aria-controls=\"Collapse-63b485069f49f6de3a04\">\n                            \n                            <span class=\"ekit-accordion-title\">Miami&#039;deki ekonomik f\u0131rsatlar nelerdir?<\/span>\n\n                            \n                                <div class=\"ekit_accordion_icon_group\">\n                                    <div class=\"ekit_accordion_normal_icon\">\n                                        <!-- Normal Icon -->\n\t\t\t\t\t\t\t\t\t\t<i class=\"icon icon-down-arrow1\"><\/i>                                    <\/div>\n\n                                    <div class=\"ekit_accordion_active_icon\">\n                                        <!-- Active Icon -->\n\t\t\t\t\t\t\t\t\t\t<i class=\"icon icon-up-arrow\"><\/i>                                    <\/div>\n                                <\/div>\n\n                            \n                                                    <\/a>\n                    <\/div>\n\n                    <div id=\"Collapse-63b485069f49f6de3a04\" class=\" collapse\" aria-labelledby=\"primaryHeading-3-6364964f\" data-parent=\"#accordion-69f49f6de3a04\">\n\n                        <div class=\"elementskit-card-body ekit-accordion--content\">\n                            <p>Miami, g\u00fc\u00e7l\u00fc bir ekonomiye ve \u00e7e\u015fitli sekt\u00f6rlere sahip bir i\u015f merkezidir. \u00d6zellikle turizm, finans, teknoloji ve sanat alanlar\u0131nda \u00e7ok say\u0131da i\u015f f\u0131rsat\u0131 bulunmaktad\u0131r.<\/p>\n                        <\/div>\n\n                    <\/div>\n\n                <\/div><!-- .elementskit-card END -->\n\n                \n                <div class=\"elementskit-card \">\n                    <div class=\"elementskit-card-header\" id=\"primaryHeading-4-6364964f\">\n                        <a href=\"#collapse-e2f81c269f49f6de3a04\" class=\"ekit-accordion--toggler elementskit-btn-link collapsed\" data-ekit-toggle=\"collapse\" data-target=\"#Collapse-e2f81c269f49f6de3a04\" aria-expanded=\"false\" aria-controls=\"Collapse-e2f81c269f49f6de3a04\">\n                            \n                            <span class=\"ekit-accordion-title\">Miami&#039;nin do\u011fal g\u00fczellikleri nelerdir?<\/span>\n\n                            \n                                <div class=\"ekit_accordion_icon_group\">\n                                    <div class=\"ekit_accordion_normal_icon\">\n                                        <!-- Normal Icon -->\n\t\t\t\t\t\t\t\t\t\t<i class=\"icon icon-down-arrow1\"><\/i>                                    <\/div>\n\n                                    <div class=\"ekit_accordion_active_icon\">\n                                        <!-- Active Icon -->\n\t\t\t\t\t\t\t\t\t\t<i class=\"icon icon-up-arrow\"><\/i>                                    <\/div>\n                                <\/div>\n\n                            \n                                                    <\/a>\n                    <\/div>\n\n                    <div id=\"Collapse-e2f81c269f49f6de3a04\" class=\" collapse\" aria-labelledby=\"primaryHeading-4-6364964f\" data-parent=\"#accordion-69f49f6de3a04\">\n\n                        <div class=\"elementskit-card-body ekit-accordion--content\">\n                            <p>Miami plajlar\u0131, parklar\u0131 ve do\u011fal rezervleriyle \u00fcnl\u00fcd\u00fcr. Berrak denizleri, beyaz kumlu plajlar\u0131 ve tropikal manzaralar\u0131 ile do\u011fal g\u00fczellikler a\u00e7\u0131s\u0131ndan harika bir \u015fehirdir.<\/p>\n                        <\/div>\n\n                    <\/div>\n\n                <\/div><!-- .elementskit-card END -->\n\n                \n                <div class=\"elementskit-card \">\n                    <div class=\"elementskit-card-header\" id=\"primaryHeading-5-6364964f\">\n                        <a href=\"#collapse-536e5a069f49f6de3a04\" class=\"ekit-accordion--toggler elementskit-btn-link collapsed\" data-ekit-toggle=\"collapse\" data-target=\"#Collapse-536e5a069f49f6de3a04\" aria-expanded=\"false\" aria-controls=\"Collapse-536e5a069f49f6de3a04\">\n                            \n                            <span class=\"ekit-accordion-title\">Miami&#039;de ya\u015famak i\u00e7in ula\u015f\u0131m sa\u011flan\u0131yor mu?<\/span>\n\n                            \n                                <div class=\"ekit_accordion_icon_group\">\n                                    <div class=\"ekit_accordion_normal_icon\">\n                                        <!-- Normal Icon -->\n\t\t\t\t\t\t\t\t\t\t<i class=\"icon icon-down-arrow1\"><\/i>                                    <\/div>\n\n                                    <div class=\"ekit_accordion_active_icon\">\n                                        <!-- Active Icon -->\n\t\t\t\t\t\t\t\t\t\t<i class=\"icon icon-up-arrow\"><\/i>                                    <\/div>\n                                <\/div>\n\n                            \n                                                    <\/a>\n                    <\/div>\n\n                    <div id=\"Collapse-536e5a069f49f6de3a04\" class=\" collapse\" aria-labelledby=\"primaryHeading-5-6364964f\" data-parent=\"#accordion-69f49f6de3a04\">\n\n                        <div class=\"elementskit-card-body ekit-accordion--content\">\n                            <p>Evet, Miami'de ula\u015f\u0131m olduk\u00e7a kolayd\u0131r. Metrob\u00fcs, metroray, tramvay ve metromover gibi toplu ta\u015f\u0131ma se\u00e7enekleri bulunmaktad\u0131r. Ayr\u0131ca bisiklet yollar\u0131 ve \u015fehir i\u00e7i ula\u015f\u0131m\u0131 kolayla\u015ft\u0131ran di\u011fer alternatifler de mevcuttur.<\/p>\n                        <\/div>\n\n                    <\/div>\n\n                <\/div><!-- .elementskit-card END -->\n\n                \n                <div class=\"elementskit-card \">\n                    <div class=\"elementskit-card-header\" id=\"primaryHeading-6-6364964f\">\n                        <a href=\"#collapse-c2fb4ea69f49f6de3a04\" class=\"ekit-accordion--toggler elementskit-btn-link collapsed\" data-ekit-toggle=\"collapse\" data-target=\"#Collapse-c2fb4ea69f49f6de3a04\" aria-expanded=\"false\" aria-controls=\"Collapse-c2fb4ea69f49f6de3a04\">\n                            \n                            <span class=\"ekit-accordion-title\">Miami&#039;de e\u011fitim olanaklar\u0131 nas\u0131l?<\/span>\n\n                            \n                                <div class=\"ekit_accordion_icon_group\">\n                                    <div class=\"ekit_accordion_normal_icon\">\n                                        <!-- Normal Icon -->\n\t\t\t\t\t\t\t\t\t\t<i class=\"icon icon-down-arrow1\"><\/i>                                    <\/div>\n\n                                    <div class=\"ekit_accordion_active_icon\">\n                                        <!-- Active Icon -->\n\t\t\t\t\t\t\t\t\t\t<i class=\"icon icon-up-arrow\"><\/i>                                    <\/div>\n                                <\/div>\n\n                            \n                                                    <\/a>\n                    <\/div>\n\n                    <div id=\"Collapse-c2fb4ea69f49f6de3a04\" class=\" collapse\" aria-labelledby=\"primaryHeading-6-6364964f\" data-parent=\"#accordion-69f49f6de3a04\">\n\n                        <div class=\"elementskit-card-body ekit-accordion--content\">\n                            <p>Miami kaliteli e\u011fitim kurumlar\u0131na ev sahipli\u011fi yapmaktad\u0131r. Y\u00fcksek \u00f6\u011frenim i\u00e7in \u00e7e\u015fitli \u00fcniversiteler ve kolejler bulunurken, ilk ve orta \u00f6\u011fretim d\u00fczeyinde de ba\u015far\u0131l\u0131 okullar bulunmaktad\u0131r.<\/p>\n                        <\/div>\n\n                    <\/div>\n\n                <\/div><!-- .elementskit-card END -->\n\n                \n                <div class=\"elementskit-card \">\n                    <div class=\"elementskit-card-header\" id=\"primaryHeading-7-6364964f\">\n                        <a href=\"#collapse-e49001869f49f6de3a04\" class=\"ekit-accordion--toggler elementskit-btn-link collapsed\" data-ekit-toggle=\"collapse\" data-target=\"#Collapse-e49001869f49f6de3a04\" aria-expanded=\"false\" aria-controls=\"Collapse-e49001869f49f6de3a04\">\n                            \n                            <span class=\"ekit-accordion-title\">Sa\u011fl\u0131k hizmetleri s\u00f6z konusu oldu\u011funda Miami ne sunuyor?<\/span>\n\n                            \n                                <div class=\"ekit_accordion_icon_group\">\n                                    <div class=\"ekit_accordion_normal_icon\">\n                                        <!-- Normal Icon -->\n\t\t\t\t\t\t\t\t\t\t<i class=\"icon icon-down-arrow1\"><\/i>                                    <\/div>\n\n                                    <div class=\"ekit_accordion_active_icon\">\n                                        <!-- Active Icon -->\n\t\t\t\t\t\t\t\t\t\t<i class=\"icon icon-up-arrow\"><\/i>                                    <\/div>\n                                <\/div>\n\n                            \n                                                    <\/a>\n                    <\/div>\n\n                    <div id=\"Collapse-e49001869f49f6de3a04\" class=\" collapse\" aria-labelledby=\"primaryHeading-7-6364964f\" data-parent=\"#accordion-69f49f6de3a04\">\n\n                        <div class=\"elementskit-card-body ekit-accordion--content\">\n                            <p>Miami, sa\u011fl\u0131k hizmetleri a\u00e7\u0131s\u0131ndan olduk\u00e7a geli\u015fmi\u015f bir \u015fehirdir. Miami sa\u011fl\u0131k hizmetleri a\u00e7\u0131s\u0131ndan olduk\u00e7a geli\u015fmi\u015f bir \u015fehirdir. Hastaneler, klinikler ve uzman doktorlarla donat\u0131lm\u0131\u015ft\u0131r. Ayr\u0131ca alternatif t\u0131p se\u00e7enekleri ve sa\u011fl\u0131kl\u0131 ya\u015fam\u0131 destekleyen bir\u00e7ok aktivite de bulunmaktad\u0131r.<\/p>\n                        <\/div>\n\n                    <\/div>\n\n                <\/div><!-- .elementskit-card END -->\n\n                \n                <div class=\"elementskit-card \">\n                    <div class=\"elementskit-card-header\" id=\"primaryHeading-8-6364964f\">\n                        <a href=\"#collapse-71907ae69f49f6de3a04\" class=\"ekit-accordion--toggler elementskit-btn-link collapsed\" data-ekit-toggle=\"collapse\" data-target=\"#Collapse-71907ae69f49f6de3a04\" aria-expanded=\"false\" aria-controls=\"Collapse-71907ae69f49f6de3a04\">\n                            \n                            <span class=\"ekit-accordion-title\">Miami aile dostu bir yer midir?<\/span>\n\n                            \n                                <div class=\"ekit_accordion_icon_group\">\n                                    <div class=\"ekit_accordion_normal_icon\">\n                                        <!-- Normal Icon -->\n\t\t\t\t\t\t\t\t\t\t<i class=\"icon icon-down-arrow1\"><\/i>                                    <\/div>\n\n                                    <div class=\"ekit_accordion_active_icon\">\n                                        <!-- Active Icon -->\n\t\t\t\t\t\t\t\t\t\t<i class=\"icon icon-up-arrow\"><\/i>                                    <\/div>\n                                <\/div>\n\n                            \n                                                    <\/a>\n                    <\/div>\n\n                    <div id=\"Collapse-71907ae69f49f6de3a04\" class=\" collapse\" aria-labelledby=\"primaryHeading-8-6364964f\" data-parent=\"#accordion-69f49f6de3a04\">\n\n                        <div class=\"elementskit-card-body ekit-accordion--content\">\n                            <p>Evet, Miami aileler i\u00e7in harika bir yer. Parklar, oyun alanlar\u0131, \u00e7ocuk dostu aktiviteler ve aile odakl\u0131 mek\u00e2nlarla doludur. Okullar ve aileler i\u00e7in tasarlanm\u0131\u015f mahalleler de vard\u0131r.<\/p>\n                        <\/div>\n\n                    <\/div>\n\n                <\/div><!-- .elementskit-card END -->\n\n                \n                <div class=\"elementskit-card \">\n                    <div class=\"elementskit-card-header\" id=\"primaryHeading-9-6364964f\">\n                        <a href=\"#collapse-536b64069f49f6de3a04\" class=\"ekit-accordion--toggler elementskit-btn-link collapsed\" data-ekit-toggle=\"collapse\" data-target=\"#Collapse-536b64069f49f6de3a04\" aria-expanded=\"false\" aria-controls=\"Collapse-536b64069f49f6de3a04\">\n                            \n                            <span class=\"ekit-accordion-title\">Miami&#039;de sosyal etkile\u015fim olanaklar\u0131 nelerdir?<\/span>\n\n                            \n                                <div class=\"ekit_accordion_icon_group\">\n                                    <div class=\"ekit_accordion_normal_icon\">\n                                        <!-- Normal Icon -->\n\t\t\t\t\t\t\t\t\t\t<i class=\"icon icon-down-arrow1\"><\/i>                                    <\/div>\n\n                                    <div class=\"ekit_accordion_active_icon\">\n                                        <!-- Active Icon -->\n\t\t\t\t\t\t\t\t\t\t<i class=\"icon icon-up-arrow\"><\/i>                                    <\/div>\n                                <\/div>\n\n                            \n                                                    <\/a>\n                    <\/div>\n\n                    <div id=\"Collapse-536b64069f49f6de3a04\" class=\" collapse\" aria-labelledby=\"primaryHeading-9-6364964f\" data-parent=\"#accordion-69f49f6de3a04\">\n\n                        <div class=\"elementskit-card-body ekit-accordion--content\">\n                            <p>Miami sosyal etkile\u015fim a\u00e7\u0131s\u0131ndan \u00e7ok canl\u0131 bir \u015fehir. Toplum merkezleri, spor etkinlikleri, sanat galerileri, festivaller ve di\u011fer etkinlikler insanlar\u0131n yeni insanlarla tan\u0131\u015fmas\u0131n\u0131 ve sosyal ba\u011flar kurmas\u0131n\u0131 sa\u011flar.<\/p>\n                        <\/div>\n\n                    <\/div>\n\n                <\/div><!-- .elementskit-card END -->\n\n                                        <\/div>\n    <\/div>\t\t\t\t<\/div>\n\t\t\t\t<\/div>\n\t\t\t\t\t<\/div>\n\t\t<\/div>\n\t\t\t\t\t<\/div>\n\t\t<\/section>\n\t\t\t\t<\/div>\n\t\t","protected":false},"excerpt":{"rendered":"<p>S\u0131k\u00e7a Sorulan Sorular Home Miami&#039;nin iklimi neden \u00e7ekici? Miami \u0131l\u0131man iklimiyle \u00fcnl\u00fcd\u00fcr. Y\u0131l boyunca s\u0131cak ve g\u00fcne\u015fli g\u00fcnlerin \u00e7o\u011funlukta olmas\u0131 insanlar\u0131 \u00e7ekici k\u0131lmaktad\u0131r. K\u0131\u015f\u0131n bile \u0131l\u0131man s\u0131cakl\u0131klar so\u011fuk kuzeyden ka\u00e7anlar i\u00e7in idealdir. Bize Miami&#039;deki k\u00fclt\u00fcrel \u00e7e\u015fitlilikten bahsedebilir misiniz? Miami, farkl\u0131 k\u00fclt\u00fcrlerin bir araya geldi\u011fi bir erkek bulu\u015fmas\u0131d\u0131r. Latin Amerika, Karayipler ve di\u011fer b\u00f6lgelerden gelen insanlar [&hellip;]<\/p>\n","protected":false},"author":1,"featured_media":0,"parent":0,"menu_order":0,"comment_status":"closed","ping_status":"closed","template":"","meta":{"_acf_changed":false,"footnotes":""},"class_list":["post-5426","page","type-page","status-publish","hentry"],"acf":[],"_links":{"self":[{"href":"https:\/\/newlistingmiami.com\/tr\/wp-json\/wp\/v2\/pages\/5426","targetHints":{"allow":["GET"]}}],"collection":[{"href":"https:\/\/newlistingmiami.com\/tr\/wp-json\/wp\/v2\/pages"}],"about":[{"href":"https:\/\/newlistingmiami.com\/tr\/wp-json\/wp\/v2\/types\/page"}],"author":[{"embeddable":true,"href":"https:\/\/newlistingmiami.com\/tr\/wp-json\/wp\/v2\/users\/1"}],"replies":[{"embeddable":true,"href":"https:\/\/newlistingmiami.com\/tr\/wp-json\/wp\/v2\/comments?post=5426"}],"version-history":[{"count":1,"href":"https:\/\/newlistingmiami.com\/tr\/wp-json\/wp\/v2\/pages\/5426\/revisions"}],"predecessor-version":[{"id":5433,"href":"https:\/\/newlistingmiami.com\/tr\/wp-json\/wp\/v2\/pages\/5426\/revisions\/5433"}],"wp:attachment":[{"href":"https:\/\/newlistingmiami.com\/tr\/wp-json\/wp\/v2\/media?parent=5426"}],"curies":[{"name":"wp","href":"https:\/\/api.w.org\/{rel}","templated":true}]}}