{"id":5392,"date":"2023-05-12T11:48:45","date_gmt":"2023-05-12T08:48:45","guid":{"rendered":"https:\/\/newlistingmiami.com\/hakkimizda\/"},"modified":"2024-11-18T17:52:22","modified_gmt":"2024-11-18T14:52:22","slug":"hakkimizda","status":"publish","type":"page","link":"https:\/\/newlistingmiami.com\/tr\/hakkimizda\/","title":{"rendered":"Hakk\u0131m\u0131zda"},"content":{"rendered":"\t\t<div data-elementor-type=\"wp-page\" data-elementor-id=\"5392\" class=\"elementor elementor-5392 elementor-86\" data-elementor-post-type=\"page\">\n\t\t\t\t\t\t<section class=\"elementor-section elementor-top-section elementor-element elementor-element-759055e1 elementor-section-height-min-height elementor-section-boxed elementor-section-height-default elementor-section-items-middle\" data-id=\"759055e1\" data-element_type=\"section\" data-e-type=\"section\" data-settings=\"{&quot;background_background&quot;:&quot;slideshow&quot;,&quot;background_slideshow_gallery&quot;:[{&quot;id&quot;:3423,&quot;url&quot;:&quot;https:\\\/\\\/newlistingmiami.com\\\/wp-content\\\/uploads\\\/2023\\\/07\\\/new-listing-miami-about-banner.jpg&quot;}],&quot;background_slideshow_loop&quot;:&quot;yes&quot;,&quot;background_slideshow_slide_duration&quot;:5000,&quot;background_slideshow_slide_transition&quot;:&quot;fade&quot;,&quot;background_slideshow_transition_duration&quot;:500,&quot;ekit_has_onepagescroll_dot&quot;:&quot;yes&quot;}\">\n\t\t\t\t\t\t<div class=\"elementor-container elementor-column-gap-default\">\n\t\t\t\t\t<div class=\"elementor-column elementor-col-100 elementor-top-column elementor-element elementor-element-40e7e2e\" data-id=\"40e7e2e\" data-element_type=\"column\" data-e-type=\"column\">\n\t\t\t<div class=\"elementor-widget-wrap elementor-element-populated\">\n\t\t\t\t\t\t<div class=\"elementor-element elementor-element-7cd200ef elementor-widget elementor-widget-heading\" data-id=\"7cd200ef\" data-element_type=\"widget\" data-e-type=\"widget\" data-settings=\"{&quot;ekit_we_effect_on&quot;:&quot;none&quot;}\" data-widget_type=\"heading.default\">\n\t\t\t\t<div class=\"elementor-widget-container\">\n\t\t\t\t\t<h1 class=\"elementor-heading-title elementor-size-default\">HAKKIMIZDA <\/h1>\t\t\t\t<\/div>\n\t\t\t\t<\/div>\n\t\t\t\t<div class=\"elementor-element elementor-element-1a6d0bb5 elementor-view-default elementor-widget elementor-widget-icon\" data-id=\"1a6d0bb5\" data-element_type=\"widget\" data-e-type=\"widget\" data-settings=\"{&quot;ekit_we_effect_on&quot;:&quot;none&quot;}\" data-widget_type=\"icon.default\">\n\t\t\t\t<div class=\"elementor-widget-container\">\n\t\t\t\t\t\t\t<div class=\"elementor-icon-wrapper\">\n\t\t\t<div class=\"elementor-icon\">\n\t\t\t<i aria-hidden=\"true\" class=\"icon icon-chevron-down\"><\/i>\t\t\t<\/div>\n\t\t<\/div>\n\t\t\t\t\t\t<\/div>\n\t\t\t\t<\/div>\n\t\t\t\t<div class=\"elementor-element elementor-element-139c40f7 elementor-widget elementor-widget-elementskit-breadcrumb\" data-id=\"139c40f7\" data-element_type=\"widget\" data-e-type=\"widget\" data-settings=\"{&quot;ekit_we_effect_on&quot;:&quot;none&quot;}\" data-widget_type=\"elementskit-breadcrumb.default\">\n\t\t\t\t<div class=\"elementor-widget-container\">\n\t\t\t\t\t<div class=\"ekit-wid-con\" ><ol class=\"ekit-breadcrumb\"><li class=\"ekit_breadcrumbs_start\"><a href=\"https:\/\/newlistingmiami.com\/tr\/\">Home<\/a><\/li><\/ol><\/div>\t\t\t\t<\/div>\n\t\t\t\t<\/div>\n\t\t\t\t\t<\/div>\n\t\t<\/div>\n\t\t\t\t\t<\/div>\n\t\t<\/section>\n\t\t\t\t<section class=\"elementor-section elementor-top-section elementor-element elementor-element-32cb0e2 elementor-section-boxed elementor-section-height-default elementor-section-height-default\" data-id=\"32cb0e2\" data-element_type=\"section\" data-e-type=\"section\" data-settings=\"{&quot;ekit_has_onepagescroll_dot&quot;:&quot;yes&quot;}\">\n\t\t\t\t\t\t<div class=\"elementor-container elementor-column-gap-default\">\n\t\t\t\t\t<div class=\"elementor-column elementor-col-100 elementor-top-column elementor-element elementor-element-8d98e27\" data-id=\"8d98e27\" data-element_type=\"column\" data-e-type=\"column\">\n\t\t\t<div class=\"elementor-widget-wrap elementor-element-populated\">\n\t\t\t\t\t\t<div class=\"elementor-element elementor-element-215496c elementor-widget elementor-widget-text-editor\" data-id=\"215496c\" data-element_type=\"widget\" data-e-type=\"widget\" data-settings=\"{&quot;ekit_we_effect_on&quot;:&quot;none&quot;}\" data-widget_type=\"text-editor.default\">\n\t\t\t\t<div class=\"elementor-widget-container\">\n\t\t\t\t\t\t\t\t\t<p>\u275d New Listing Miami olarak vizyonumuz, Miami&#8217;de emlak dan\u0131\u015fmanl\u0131\u011f\u0131 alan\u0131nda lider olmak ve m\u00fc\u015fterilerimize unutulmaz bir deneyim ya\u015fatmakt\u0131r. Sekt\u00f6rdeki trendleri takip ederek yenilik\u00e7i \u00e7\u00f6z\u00fcmler sunmay\u0131 hedefliyor ve m\u00fc\u015fterilerimizin ihtiya\u00e7lar\u0131n\u0131 a\u015fmak i\u00e7in tutkuyla \u00e7al\u0131\u015f\u0131yoruz. Gayrimenkul yolculu\u011funda g\u00fcvenilir bir ortak olarak m\u00fc\u015fterilerimize de\u011fer katmay\u0131, yat\u0131r\u0131mlar\u0131n\u0131 en \u00fcst d\u00fczeye \u00e7\u0131karmay\u0131 ve gelecek i\u00e7in s\u00fcrd\u00fcr\u00fclebilir ba\u015far\u0131 sa\u011flamay\u0131 hedefliyoruz. Gayrimenkul hedeflerinizi ger\u00e7e\u011fe d\u00f6n\u00fc\u015ft\u00fcrmek i\u00e7in New Listing Miami ile \u00e7al\u0131\u015fmaktan heyecan duyuyoruz.\u275e<\/p>\n\t\t\t\t\t\t\t\t<\/div>\n\t\t\t\t<\/div>\n\t\t\t\t\t<\/div>\n\t\t<\/div>\n\t\t\t\t\t<\/div>\n\t\t<\/section>\n\t\t\t\t<section class=\"elementor-section elementor-top-section elementor-element elementor-element-44af9056 elementor-section-stretched elementor-section-boxed elementor-section-height-default elementor-section-height-default\" data-id=\"44af9056\" data-element_type=\"section\" data-e-type=\"section\" data-settings=\"{&quot;background_background&quot;:&quot;gradient&quot;,&quot;stretch_section&quot;:&quot;section-stretched&quot;,&quot;ekit_has_onepagescroll_dot&quot;:&quot;yes&quot;}\">\n\t\t\t\t\t\t\t<div class=\"elementor-background-overlay\"><\/div>\n\t\t\t\t\t\t\t<div class=\"elementor-container elementor-column-gap-default\">\n\t\t\t\t\t<div class=\"elementor-column elementor-col-50 elementor-top-column elementor-element elementor-element-4b8e3536\" data-id=\"4b8e3536\" data-element_type=\"column\" data-e-type=\"column\" data-settings=\"{&quot;background_background&quot;:&quot;slideshow&quot;,&quot;background_slideshow_gallery&quot;:[],&quot;background_slideshow_loop&quot;:&quot;yes&quot;,&quot;background_slideshow_slide_duration&quot;:5000,&quot;background_slideshow_slide_transition&quot;:&quot;fade&quot;,&quot;background_slideshow_transition_duration&quot;:500}\">\n\t\t\t<div class=\"elementor-widget-wrap elementor-element-populated\">\n\t\t\t\t\t\t<div class=\"elementor-element elementor-element-3253872d elementor-widget elementor-widget-image\" data-id=\"3253872d\" data-element_type=\"widget\" data-e-type=\"widget\" data-settings=\"{&quot;ekit_we_effect_on&quot;:&quot;none&quot;}\" data-widget_type=\"image.default\">\n\t\t\t\t<div class=\"elementor-widget-container\">\n\t\t\t\t\t\t\t\t\t\t\t\t\t\t\t<img fetchpriority=\"high\" decoding=\"async\" width=\"1200\" height=\"1720\" src=\"https:\/\/newlistingmiami.com\/wp-content\/uploads\/2023\/05\/Ahmet-Alena-Bayram.jpg\" class=\"attachment-full size-full wp-image-5021\" alt=\"\" srcset=\"https:\/\/newlistingmiami.com\/wp-content\/uploads\/2023\/05\/Ahmet-Alena-Bayram.jpg 1200w, https:\/\/newlistingmiami.com\/wp-content\/uploads\/2023\/05\/Ahmet-Alena-Bayram-600x860.jpg 600w, https:\/\/newlistingmiami.com\/wp-content\/uploads\/2023\/05\/Ahmet-Alena-Bayram-209x300.jpg 209w, https:\/\/newlistingmiami.com\/wp-content\/uploads\/2023\/05\/Ahmet-Alena-Bayram-714x1024.jpg 714w, https:\/\/newlistingmiami.com\/wp-content\/uploads\/2023\/05\/Ahmet-Alena-Bayram-768x1101.jpg 768w, https:\/\/newlistingmiami.com\/wp-content\/uploads\/2023\/05\/Ahmet-Alena-Bayram-1072x1536.jpg 1072w\" sizes=\"(max-width: 1200px) 100vw, 1200px\" \/>\t\t\t\t\t\t\t\t\t\t\t\t\t\t\t<\/div>\n\t\t\t\t<\/div>\n\t\t\t\t\t<\/div>\n\t\t<\/div>\n\t\t\t\t<div class=\"elementor-column elementor-col-50 elementor-top-column elementor-element elementor-element-77355981\" data-id=\"77355981\" data-element_type=\"column\" data-e-type=\"column\" data-settings=\"{&quot;background_background&quot;:&quot;classic&quot;}\">\n\t\t\t<div class=\"elementor-widget-wrap elementor-element-populated\">\n\t\t\t\t\t<div class=\"elementor-background-overlay\"><\/div>\n\t\t\t\t\t\t<div class=\"elementor-element elementor-element-de265d elementor-widget__width-initial elementor-widget elementor-widget-elementskit-heading\" data-id=\"de265d\" data-element_type=\"widget\" data-e-type=\"widget\" data-settings=\"{&quot;ekit_we_effect_on&quot;:&quot;none&quot;}\" data-widget_type=\"elementskit-heading.default\">\n\t\t\t\t<div class=\"elementor-widget-container\">\n\t\t\t\t\t<div class=\"ekit-wid-con\" ><div class=\"ekit-heading elementskit-section-title-wraper text_left   ekit_heading_tablet-   ekit_heading_mobile-\"><h2 class=\"ekit-heading--title elementskit-section-title \">New Listing Miami<\/h2><div class=\"ekit_heading_separetor_wraper ekit_heading_elementskit-border-divider elementskit-style-long\"><div class=\"elementskit-border-divider elementskit-style-long\"><\/div><\/div><\/div><\/div>\t\t\t\t<\/div>\n\t\t\t\t<\/div>\n\t\t\t\t<div class=\"elementor-element elementor-element-4e57fdc elementor-widget__width-initial elementor-widget-mobile__width-initial elementor-widget-laptop__width-initial elementor-widget elementor-widget-text-editor\" data-id=\"4e57fdc\" data-element_type=\"widget\" data-e-type=\"widget\" data-settings=\"{&quot;ekit_we_effect_on&quot;:&quot;none&quot;}\" data-widget_type=\"text-editor.default\">\n\t\t\t\t<div class=\"elementor-widget-container\">\n\t\t\t\t\t\t\t\t\t<p>Miami&#8217;nin canl\u0131 ve benzersiz atmosferi emlak piyasas\u0131nda b\u00fcy\u00fck f\u0131rsatlar sunuyor. New Listing Miami olarak, m\u00fc\u015fterilerimize bu heyecan verici pazarda rehberlik etmek ve gayrimenkul hedeflerini ger\u00e7e\u011fe d\u00f6n\u00fc\u015ft\u00fcrmelerine yard\u0131mc\u0131 olmak i\u00e7in buraday\u0131z. Ahmet Bayram ve Alena Bayram taraf\u0131ndan kurulan \u015firketimiz, y\u0131llar\u0131n verdi\u011fi tecr\u00fcbe ve uzmanl\u0131kla sekt\u00f6rde sayg\u0131nl\u0131k kazanm\u0131\u015ft\u0131r.<\/p>\n<p>Gayrimenkul dan\u0131\u015fmanl\u0131\u011f\u0131 karma\u015f\u0131k ve h\u0131zla de\u011fi\u015fen bir aland\u0131r. Bununla birlikte, New Listing Miami, m\u00fc\u015fterilerimize g\u00fcvenilir ve \u00f6zelle\u015ftirilmi\u015f hizmetler sunmak i\u00e7in uzman bir ekip taraf\u0131ndan y\u00f6netilmektedir. \u0130\u015fimizin \u00f6z\u00fcnde m\u00fc\u015fteri memnuniyetini sa\u011flamak ve her bir m\u00fc\u015fterimizin ihtiya\u00e7lar\u0131n\u0131 kar\u015f\u0131lamak vard\u0131r.<\/p>\n<p>Gayrimenkul sekt\u00f6r\u00fcnde sa\u011flam bir a\u011fa sahibiz ve yerel toplumla g\u00fc\u00e7l\u00fc ba\u011flar\u0131m\u0131z var. Bu sayede m\u00fc\u015fterilerimize yaln\u0131zca en iyi gayrimenkul f\u0131rsatlar\u0131n\u0131 sunmakla kalm\u0131yor, ayn\u0131 zamanda onlar\u0131 b\u00f6lgenin benzersiz \u00f6zellikleri ve potansiyel yat\u0131r\u0131m avantajlar\u0131 hakk\u0131nda da bilgilendiriyoruz. Ahmet Bayram ve Alena Bayram liderli\u011findeki uzman ekibimiz, m\u00fc\u015fterilerimizin ihtiya\u00e7lar\u0131na y\u00f6nelik ki\u015fiselle\u015ftirilmi\u015f \u00e7\u00f6z\u00fcmler sunmak i\u00e7in s\u00fcrekli olarak emlak piyasas\u0131n\u0131 ara\u015ft\u0131rmakta ve g\u00fcncel trendleri takip etmektedir.<\/p>\n<p>M\u00fc\u015fteri memnuniyeti ve d\u00fcr\u00fcstl\u00fck New Listing Miami&#8217;nin temel de\u011ferleridir. Her bir m\u00fc\u015fterimizle olan etkile\u015fimimiz samimiyet ve \u015feffafl\u0131k \u00fczerine kuruludur. Bir g\u00fcven ili\u015fkisi kurmak ve m\u00fc\u015fterilerimizin en iyisini elde etmesini sa\u011flamak bizim i\u00e7in \u00f6nemlidir.<\/p>\n\t\t\t\t\t\t\t\t<\/div>\n\t\t\t\t<\/div>\n\t\t\t\t\t<\/div>\n\t\t<\/div>\n\t\t\t\t\t<\/div>\n\t\t<\/section>\n\t\t\t\t<section data-ekitparallax=\"{&quot;ekit_section_parallax_bg&quot;:&quot;yes&quot;,&quot;ekit_section_parallax_bg_speed&quot;:0.5,&quot;elementor_lazy_load&quot;:&quot;1&quot;}\" class=\"elementor-section elementor-top-section elementor-element elementor-element-50586a55 elementor-section-full_width elementor-section-height-default elementor-section-height-default\" data-id=\"50586a55\" data-element_type=\"section\" data-e-type=\"section\" data-settings=\"{&quot;background_background&quot;:&quot;classic&quot;,&quot;ekit_has_onepagescroll_dot&quot;:&quot;yes&quot;}\">\n\t\t\t\t\t\t\t<div class=\"elementor-background-overlay\"><\/div>\n\t\t\t\t\t\t\t<div class=\"elementor-container elementor-column-gap-no\">\n\t\t\t\t\t<div class=\"elementor-column elementor-col-100 elementor-top-column elementor-element elementor-element-734e5e4\" data-id=\"734e5e4\" data-element_type=\"column\" data-e-type=\"column\">\n\t\t\t<div class=\"elementor-widget-wrap elementor-element-populated\">\n\t\t\t\t\t\t<div class=\"elementor-element elementor-element-50e74358 elementor-widget elementor-widget-elementskit-heading\" data-id=\"50e74358\" data-element_type=\"widget\" data-e-type=\"widget\" data-settings=\"{&quot;ekit_we_effect_on&quot;:&quot;none&quot;}\" data-widget_type=\"elementskit-heading.default\">\n\t\t\t\t<div class=\"elementor-widget-container\">\n\t\t\t\t\t<div class=\"ekit-wid-con\" ><div class=\"ekit-heading elementskit-section-title-wraper text_center   ekit_heading_tablet-   ekit_heading_mobile-text_center\"><span class=\"ekit-heading--title elementskit-section-title \">bizi daha yak\u0131ndan tan\u0131y\u0131n<\/span><\/div><\/div>\t\t\t\t<\/div>\n\t\t\t\t<\/div>\n\t\t\t\t\t<\/div>\n\t\t<\/div>\n\t\t\t\t\t<\/div>\n\t\t<\/section>\n\t\t\t\t<section class=\"elementor-section elementor-top-section elementor-element elementor-element-15a65814 elementor-section-boxed elementor-section-height-default elementor-section-height-default\" data-id=\"15a65814\" data-element_type=\"section\" data-e-type=\"section\" data-settings=\"{&quot;ekit_has_onepagescroll_dot&quot;:&quot;yes&quot;}\">\n\t\t\t\t\t\t<div class=\"elementor-container elementor-column-gap-default\">\n\t\t\t\t\t<div class=\"elementor-column elementor-col-100 elementor-top-column elementor-element elementor-element-5753147f\" data-id=\"5753147f\" data-element_type=\"column\" data-e-type=\"column\">\n\t\t\t<div class=\"elementor-widget-wrap elementor-element-populated\">\n\t\t\t\t\t\t<div class=\"elementor-element elementor-element-11bdedb elementor-widget elementor-widget-elementskit-heading\" data-id=\"11bdedb\" data-element_type=\"widget\" data-e-type=\"widget\" data-settings=\"{&quot;_animation&quot;:&quot;none&quot;,&quot;ekit_we_effect_on&quot;:&quot;none&quot;}\" data-widget_type=\"elementskit-heading.default\">\n\t\t\t\t<div class=\"elementor-widget-container\">\n\t\t\t\t\t<div class=\"ekit-wid-con\" ><div class=\"ekit-heading elementskit-section-title-wraper text_center   ekit_heading_tablet-   ekit_heading_mobile-\"><h2 class=\"ekit-heading--title elementskit-section-title \">Bilgi Al\u0131n Bize Ula\u015f\u0131n<\/h2><\/div><\/div>\t\t\t\t<\/div>\n\t\t\t\t<\/div>\n\t\t\t\t<div class=\"elementor-element elementor-element-1ec1c46 elementor-widget elementor-widget-html\" data-id=\"1ec1c46\" data-element_type=\"widget\" data-e-type=\"widget\" data-settings=\"{&quot;ekit_we_effect_on&quot;:&quot;none&quot;}\" data-widget_type=\"html.default\">\n\t\t\t\t<div class=\"elementor-widget-container\">\n\t\t\t\t\t<style id=\"wpforms-css-vars-8820\">\n\t\t\t\t#wpforms-8820 {\n\t\t\t\t\n\t\t\t}\n\t\t\t<\/style><div class=\"wpforms-container wpforms-container-full wpforms-render-modern\" id=\"wpforms-8820\"><form id=\"wpforms-form-8820\" class=\"wpforms-validate wpforms-form wpforms-ajax-form\" data-formid=\"8820\" method=\"post\" enctype=\"multipart\/form-data\" action=\"\/tr\/wp-json\/wp\/v2\/pages\/5392\" data-token=\"89b43ba93dd92634353d2bebe1e51d83\" data-token-time=\"1776169907\"><noscript class=\"wpforms-error-noscript\">Bu formu bitirebilmek i\u00e7in taray\u0131c\u0131n\u0131zda JavaScript&#039;i etkinle\u015ftirin.<\/noscript><div id=\"wpforms-error-noscript\" style=\"display: none;\">Bu formu bitirebilmek i\u00e7in taray\u0131c\u0131n\u0131zda JavaScript&#039;i etkinle\u015ftirin.<\/div><div class=\"wpforms-field-container\"><div id=\"wpforms-8820-field_2-container\" class=\"wpforms-field wpforms-field-name\" data-field-id=\"2\"><label class=\"wpforms-field-label wpforms-label-hide\" for=\"wpforms-8820-field_2\" aria-hidden=\"false\">\u0130sim <span class=\"wpforms-required-label\" aria-hidden=\"true\">*<\/span><\/label><input type=\"text\" id=\"wpforms-8820-field_2\" class=\"wpforms-field-large wpforms-field-required\" name=\"wpforms[fields][2]\" placeholder=\"\u0130sim\" aria-errormessage=\"wpforms-8820-field_2-error\" required><\/div><div id=\"wpforms-8820-field_5-container\" class=\"wpforms-field wpforms-field-phone\" data-field-id=\"5\"><label class=\"wpforms-field-label wpforms-label-hide\" for=\"wpforms-8820-field_5\" aria-hidden=\"false\">Telefon <span class=\"wpforms-required-label\" aria-hidden=\"true\">*<\/span><\/label><input type=\"tel\" id=\"wpforms-8820-field_5\" class=\"wpforms-field-large wpforms-field-required wpforms-smart-phone-field\" data-rule-smart-phone-field=\"true\" name=\"wpforms[fields][5]\" aria-label=\"Telefon\" aria-errormessage=\"wpforms-8820-field_5-error\" required><\/div>\t\t<div id=\"wpforms-8820-field_1-container\"\n\t\t\tclass=\"wpforms-field wpforms-field-text\"\n\t\t\tdata-field-type=\"text\"\n\t\t\tdata-field-id=\"1\"\n\t\t\t>\n\t\t\t<label class=\"wpforms-field-label\" for=\"wpforms-8820-field_1\" >Telefon Mesaj\u0131n\u0131z \u0130sim<\/label>\n\t\t\t<input type=\"text\" id=\"wpforms-8820-field_1\" class=\"wpforms-field-medium\" name=\"wpforms[fields][1]\" >\n\t\t<\/div>\n\t\t<div id=\"wpforms-8820-field_6-container\" class=\"wpforms-field wpforms-field-email\" data-field-id=\"6\"><label class=\"wpforms-field-label wpforms-label-hide\" for=\"wpforms-8820-field_6\" aria-hidden=\"false\">E-Posta <span class=\"wpforms-required-label\" aria-hidden=\"true\">*<\/span><\/label><input type=\"email\" id=\"wpforms-8820-field_6\" class=\"wpforms-field-large wpforms-field-required\" name=\"wpforms[fields][6]\" placeholder=\"E-Posta\" spellcheck=\"false\" aria-errormessage=\"wpforms-8820-field_6-error\" required><\/div><div id=\"wpforms-8820-field_4-container\" class=\"wpforms-field wpforms-field-textarea\" data-field-id=\"4\"><label class=\"wpforms-field-label wpforms-label-hide\" for=\"wpforms-8820-field_4\" aria-hidden=\"false\">Mesaj\u0131n\u0131z<\/label><textarea id=\"wpforms-8820-field_4\" class=\"wpforms-field-medium\" name=\"wpforms[fields][4]\" placeholder=\"Mesaj\u0131n\u0131z\" aria-errormessage=\"wpforms-8820-field_4-error\" ><\/textarea><\/div><script>\n\t\t\t\t( function() {\n\t\t\t\t\tconst style = document.createElement( 'style' );\n\t\t\t\t\tstyle.appendChild( document.createTextNode( '#wpforms-8820-field_1-container { position: absolute !important; overflow: hidden !important; display: inline !important; height: 1px !important; width: 1px !important; z-index: -1000 !important; padding: 0 !important; } #wpforms-8820-field_1-container input { visibility: hidden; } #wpforms-conversational-form-page #wpforms-8820-field_1-container label { counter-increment: none; }' ) );\n\t\t\t\t\tdocument.head.appendChild( style );\n\t\t\t\t\tdocument.currentScript?.remove();\n\t\t\t\t} )();\n\t\t\t<\/script><\/div><!-- .wpforms-field-container --><div class=\"wpforms-recaptcha-container wpforms-is-recaptcha wpforms-is-recaptcha-type-invisible\" ><div class=\"g-recaptcha\" data-sitekey=\"6LcCLOMnAAAAAHmwp14zHXN6bPKELpgriNtoNBep\" data-size=\"invisible\"><\/div><\/div><div class=\"wpforms-submit-container\" ><input type=\"hidden\" name=\"wpforms[id]\" value=\"8820\"><input type=\"hidden\" name=\"page_title\" value=\"\"><input type=\"hidden\" name=\"page_url\" value=\"https:\/\/newlistingmiami.com\/tr\/wp-json\/wp\/v2\/pages\/5392\"><input type=\"hidden\" name=\"url_referer\" value=\"\"><button type=\"submit\" name=\"wpforms[submit]\" id=\"wpforms-submit-8820\" class=\"wpforms-submit\" data-alt-text=\"G\u00f6nderiliyor...\" data-submit-text=\"G\u00f6nder\" aria-live=\"assertive\" value=\"wpforms-submit\">G\u00f6nder<\/button><img decoding=\"async\" src=\"https:\/\/newlistingmiami.com\/wp-content\/plugins\/wpforms\/assets\/images\/submit-spin.svg\" class=\"wpforms-submit-spinner\" style=\"display: none;\" width=\"26\" height=\"26\" alt=\"Y\u00fckleniyor\"><\/div><\/form><\/div>  <!-- .wpforms-container -->\t\t\t\t\t<\/div>\n\t\t\t\t<\/div>\n\t\t\t\t\t<\/div>\n\t\t<\/div>\n\t\t\t\t\t<\/div>\n\t\t<\/section>\n\t\t\t\t<\/div>\n\t\t","protected":false},"excerpt":{"rendered":"<p>HAKKIMIZDA Home \u275d New Listing Miami olarak vizyonumuz, Miami&#8217;de emlak dan\u0131\u015fmanl\u0131\u011f\u0131 alan\u0131nda lider olmak ve m\u00fc\u015fterilerimize unutulmaz bir deneyim ya\u015fatmakt\u0131r. Sekt\u00f6rdeki trendleri takip ederek yenilik\u00e7i \u00e7\u00f6z\u00fcmler sunmay\u0131 hedefliyor ve m\u00fc\u015fterilerimizin ihtiya\u00e7lar\u0131n\u0131 a\u015fmak i\u00e7in tutkuyla \u00e7al\u0131\u015f\u0131yoruz. Gayrimenkul yolculu\u011funda g\u00fcvenilir bir ortak olarak m\u00fc\u015fterilerimize de\u011fer katmay\u0131, yat\u0131r\u0131mlar\u0131n\u0131 en \u00fcst d\u00fczeye \u00e7\u0131karmay\u0131 ve gelecek i\u00e7in s\u00fcrd\u00fcr\u00fclebilir ba\u015far\u0131 sa\u011flamay\u0131 [&hellip;]<\/p>\n","protected":false},"author":1,"featured_media":5021,"parent":0,"menu_order":0,"comment_status":"closed","ping_status":"closed","template":"","meta":{"_acf_changed":false,"footnotes":""},"class_list":["post-5392","page","type-page","status-publish","has-post-thumbnail","hentry"],"acf":[],"_links":{"self":[{"href":"https:\/\/newlistingmiami.com\/tr\/wp-json\/wp\/v2\/pages\/5392","targetHints":{"allow":["GET"]}}],"collection":[{"href":"https:\/\/newlistingmiami.com\/tr\/wp-json\/wp\/v2\/pages"}],"about":[{"href":"https:\/\/newlistingmiami.com\/tr\/wp-json\/wp\/v2\/types\/page"}],"author":[{"embeddable":true,"href":"https:\/\/newlistingmiami.com\/tr\/wp-json\/wp\/v2\/users\/1"}],"replies":[{"embeddable":true,"href":"https:\/\/newlistingmiami.com\/tr\/wp-json\/wp\/v2\/comments?post=5392"}],"version-history":[{"count":14,"href":"https:\/\/newlistingmiami.com\/tr\/wp-json\/wp\/v2\/pages\/5392\/revisions"}],"predecessor-version":[{"id":8850,"href":"https:\/\/newlistingmiami.com\/tr\/wp-json\/wp\/v2\/pages\/5392\/revisions\/8850"}],"wp:featuredmedia":[{"embeddable":true,"href":"https:\/\/newlistingmiami.com\/tr\/wp-json\/wp\/v2\/media\/5021"}],"wp:attachment":[{"href":"https:\/\/newlistingmiami.com\/tr\/wp-json\/wp\/v2\/media?parent=5392"}],"curies":[{"name":"wp","href":"https:\/\/api.w.org\/{rel}","templated":true}]}}